{"id":9,"date":"2025-10-18T16:36:30","date_gmt":"2025-10-18T16:36:30","guid":{"rendered":"https:\/\/ckm.org.rs\/?page_id=9"},"modified":"2025-10-18T18:12:33","modified_gmt":"2025-10-18T18:12:33","slug":"about","status":"publish","type":"page","link":"https:\/\/ckm.org.rs\/index.php\/about\/","title":{"rendered":"Art"},"content":{"rendered":"\n<div style=\"height:100px\" aria-hidden=\"true\" class=\"wp-block-spacer\"><\/div>\n\n\n\n<div class=\"wp-block-columns alignwide is-layout-flex wp-container-core-columns-is-layout-28f84493 wp-block-columns-is-layout-flex\">\n<div class=\"wp-block-column is-layout-flow wp-block-column-is-layout-flow\">\n<figure class=\"wp-block-image size-large\"><img loading=\"lazy\" decoding=\"async\" width=\"777\" height=\"1024\" src=\"https:\/\/ckm.org.rs\/wp-content\/uploads\/2025\/10\/image0-777x1024.jpeg\" alt=\"\" class=\"wp-image-32\" srcset=\"https:\/\/ckm.org.rs\/wp-content\/uploads\/2025\/10\/image0-777x1024.jpeg 777w, https:\/\/ckm.org.rs\/wp-content\/uploads\/2025\/10\/image0-228x300.jpeg 228w, https:\/\/ckm.org.rs\/wp-content\/uploads\/2025\/10\/image0.jpeg 828w\" sizes=\"auto, (max-width: 777px) 100vw, 777px\" \/><\/figure>\n\n\n\n<p class=\"has-black-color has-text-color has-medium-font-size\"><a href=\"#\">Budjenje<\/a><\/p>\n\n\n\n<p class=\"has-text-color\" style=\"color:#7a7a7a\">Multimedijalna izlozba i predstava \u201cBudjenje\u201d Dragane Mitrovic<br><br>Dragana Mitrovic, doktor kulture, istoricar, umetnik, majka, hranitelj dece od Srbije do Papue, humanitarac iz vise ratnih zona i osnivac nekoliko udruzenja gradjana, uvek nam se vraca u vanrednim okolnostima svojim aktivizmom pocev od rada sa samohranim majkama u bombardovanju, preko humanitarnog rada sa sirocicima po svetu do formiranja u post kovid krizi drustva Centra za kulturu mira Beograd.<br>Multimedijalna instalacija Budjenje koja spaja izlo\u017ebu, \u017eivo izvo\u0111enje, instalacije, video i fotografiju prati humanitarnu misiju Dragane Mitrovic, alias Gale Grey, kroz umetnost vec dve decenije. <\/p>\n\n\n\n<p class=\"has-text-color\" style=\"color:#7a7a7a\"><\/p>\n<\/div>\n\n\n\n<div class=\"wp-block-column is-layout-flow wp-block-column-is-layout-flow\">\n<figure class=\"wp-block-image size-large\"><img loading=\"lazy\" decoding=\"async\" width=\"768\" height=\"1024\" src=\"https:\/\/ckm.org.rs\/wp-content\/uploads\/2025\/10\/image1-768x1024.jpeg\" alt=\"\" class=\"wp-image-33\" srcset=\"https:\/\/ckm.org.rs\/wp-content\/uploads\/2025\/10\/image1-768x1024.jpeg 768w, https:\/\/ckm.org.rs\/wp-content\/uploads\/2025\/10\/image1-225x300.jpeg 225w, https:\/\/ckm.org.rs\/wp-content\/uploads\/2025\/10\/image1.jpeg 1080w\" sizes=\"auto, (max-width: 768px) 100vw, 768px\" \/><figcaption class=\"wp-element-caption\">{&#8220;data&#8221;:{&#8220;product&#8221;:&#8221;tiktok&#8221;}}<\/figcaption><\/figure>\n\n\n\n<p class=\"has-black-color has-text-color has-medium-font-size\"><\/p>\n\n\n\n<p class=\"has-text-color\" style=\"color:#7a7a7a\"><br>Pocev od Belog mastila poetske zbirke u vreme bombardovanja 1999 i njene angazovanosti sa samohranim majkama, i formiranja zenskih organizacija u Atini Grcka i samostalnih kreativnih projekata sa sirotistima u Aziji, cime je otvoren Art manifest \u201cGala against grey\u201d ciklus humanitarnih izlozbi koji jos uvek traje a zahteva angazovanost protiv sivila zivota i aktivira empatiju u coveku i ovim projektom Budjenje koji je tek ponovo oziveo aktivizam Dragane Mitrovic u domovini po povratku u Srbiju, sa njenom novom organizacijom Centrom za kulturu mira potvrdjuje zasluzeno mesto u Feministickoj enciklopediji cuvenih zena ex Yugoslavije.<\/p>\n\n\n\n<p class=\"has-text-color\" style=\"color:#7a7a7a\"><\/p>\n<\/div>\n\n\n\n<div class=\"wp-block-column is-layout-flow wp-block-column-is-layout-flow\">\n<figure class=\"wp-block-image size-full\"><img loading=\"lazy\" decoding=\"async\" width=\"1024\" height=\"1024\" src=\"https:\/\/ckm.org.rs\/wp-content\/uploads\/2025\/10\/image2.jpeg\" alt=\"\" class=\"wp-image-34\" srcset=\"https:\/\/ckm.org.rs\/wp-content\/uploads\/2025\/10\/image2.jpeg 1024w, https:\/\/ckm.org.rs\/wp-content\/uploads\/2025\/10\/image2-300x300.jpeg 300w, https:\/\/ckm.org.rs\/wp-content\/uploads\/2025\/10\/image2-150x150.jpeg 150w\" sizes=\"auto, (max-width: 1024px) 100vw, 1024px\" \/><\/figure>\n\n\n\n<p class=\"has-black-color has-text-color has-medium-font-size\">Utisci<\/p>\n\n\n\n<p class=\"has-text-color\" style=\"color:#7a7a7a\">Budjenje je potrebno ne samo bogovima mira i rata vec i svakom pojedincu da se aktivira mrvica ljubavi koja je nestala u vatri Treceg svetakog rata, i posle svega ostaje samo nada u ljubav, i da ljude uvek trebamo podsecati na neophodnost mira i ljubavi a reciklirajucim materijalima autorka je dokazala da za umetnost treba malo, da nam je uvek dostupna, a da za promociju kulture mira treba mnogo, to je poruka ove multimedijalne instalacije Dragane Mitrovic i Centra za kulturu mira Beograd.<br>Viktor Kis<br>Umetnik i bivsi direktor MSU<\/p>\n<\/div>\n<\/div>\n\n\n\n<h3 class=\"wp-block-heading has-large-font-size\" id=\"inspiro-is-a-digital-product-agency-that-focuses-on-strategy-and-desig\" style=\"font-style:normal;font-weight:300\"><\/h3>\n\n\n\n<p><\/p>\n\n\n\n<div style=\"height:100px\" aria-hidden=\"true\" class=\"wp-block-spacer\"><\/div>\n\n\n\n<div class=\"wp-block-cover alignfull\" style=\"padding-top:50px;padding-right:50px;padding-bottom:50px;padding-left:50px;min-height:316px;aspect-ratio:unset;\"><span aria-hidden=\"true\" class=\"wp-block-cover__background has-black-background-color has-background-dim-100 has-background-dim\"><\/span><div class=\"wp-block-cover__inner-container is-layout-flow wp-block-cover-is-layout-flow\">\n<div class=\"wp-block-columns are-vertically-aligned-center is-layout-flex wp-container-core-columns-is-layout-28f84493 wp-block-columns-is-layout-flex\">\n<div class=\"wp-block-column is-vertically-aligned-center is-layout-flow wp-block-column-is-layout-flow\" style=\"padding-top:20px;padding-right:0px;padding-bottom:20px;padding-left:0px\">\n<div class=\"wp-block-group is-content-justification-space-between is-nowrap is-layout-flex wp-container-core-group-is-layout-bb3dfb5c wp-block-group-is-layout-flex\">\n<figure class=\"wp-block-image size-full\"><img decoding=\"async\" src=\"https:\/\/ckm.org.rs\/wp-content\/themes\/inspiro\/assets\/images\/laurel_left.png\" alt=\"\"\/><\/figure>\n\n\n\n<div class=\"wp-block-group is-layout-flow wp-block-group-is-layout-flow\">\n<p class=\"has-text-align-center has-white-color has-text-color\" style=\"font-size:clamp(14px, 0.875rem + ((1vw - 3.2px) * 0.354), 18px);line-height:1\"><strong>&#8220;Best Film&#8221;<br><\/strong>Winner<\/p>\n<\/div>\n\n\n\n<figure class=\"wp-block-image size-full\"><img decoding=\"async\" src=\"https:\/\/ckm.org.rs\/wp-content\/themes\/inspiro\/assets\/images\/laurel_right.png\" alt=\"\"\/><\/figure>\n<\/div>\n<\/div>\n\n\n\n<div class=\"wp-block-column is-vertically-aligned-center is-layout-flow wp-block-column-is-layout-flow\" style=\"padding-top:20px;padding-right:0px;padding-bottom:20px;padding-left:0px\">\n<div class=\"wp-block-group is-content-justification-space-between is-nowrap is-layout-flex wp-container-core-group-is-layout-bb3dfb5c wp-block-group-is-layout-flex\">\n<figure class=\"wp-block-image size-full\"><img decoding=\"async\" src=\"https:\/\/ckm.org.rs\/wp-content\/themes\/inspiro\/assets\/images\/laurel_left.png\" alt=\"\"\/><\/figure>\n\n\n\n<div class=\"wp-block-group is-layout-flow wp-block-group-is-layout-flow\">\n<p class=\"has-text-align-center has-white-color has-text-color\" style=\"font-size:clamp(14px, 0.875rem + ((1vw - 3.2px) * 0.354), 18px);line-height:1\"><strong>&#8220;New Film Festival&#8221;<\/strong><br>Winner<\/p>\n<\/div>\n\n\n\n<figure class=\"wp-block-image size-full\"><img decoding=\"async\" src=\"https:\/\/ckm.org.rs\/wp-content\/themes\/inspiro\/assets\/images\/laurel_right.png\" alt=\"\"\/><\/figure>\n<\/div>\n<\/div>\n\n\n\n<div class=\"wp-block-column is-vertically-aligned-center is-layout-flow wp-block-column-is-layout-flow\" style=\"padding-top:20px;padding-right:0px;padding-bottom:20px;padding-left:0px\">\n<div class=\"wp-block-group is-content-justification-space-between is-nowrap is-layout-flex wp-container-core-group-is-layout-bb3dfb5c wp-block-group-is-layout-flex\">\n<figure class=\"wp-block-image size-full\"><img decoding=\"async\" src=\"https:\/\/ckm.org.rs\/wp-content\/themes\/inspiro\/assets\/images\/laurel_left.png\" alt=\"\"\/><\/figure>\n\n\n\n<div class=\"wp-block-group is-layout-flow wp-block-group-is-layout-flow\">\n<p class=\"has-text-align-center has-white-color has-text-color\" style=\"font-size:clamp(14px, 0.875rem + ((1vw - 3.2px) * 0.354), 18px);line-height:1\"><strong>&#8220;Best Short&#8221;<\/strong><br>Winner<\/p>\n<\/div>\n\n\n\n<figure class=\"wp-block-image size-full\"><img decoding=\"async\" src=\"https:\/\/ckm.org.rs\/wp-content\/themes\/inspiro\/assets\/images\/laurel_right.png\" alt=\"\"\/><\/figure>\n<\/div>\n<\/div>\n<\/div>\n<\/div><\/div>\n","protected":false},"excerpt":{"rendered":"<p>Budjenje Multimedijalna izlozba i predstava \u201cBudjenje\u201d Dragane Mitrovic Dragana Mitrovic, doktor kulture, istoricar, umetnik, majka, hranitelj dece od Srbije do Papue, humanitarac iz vise ratnih zona i osnivac nekoliko udruzenja gradjana, uvek nam se vraca u vanrednim okolnostima svojim aktivizmom pocev od rada sa samohranim majkama u bombardovanju, preko humanitarnog rada sa sirocicima po svetu &hellip; <\/p>\n<p class=\"link-more\"><a href=\"https:\/\/ckm.org.rs\/index.php\/about\/\" class=\"more-link\">Read more<span class=\"screen-reader-text\"> &#8220;Art&#8221;<\/span><\/a><\/p>\n","protected":false},"author":1,"featured_media":68,"parent":0,"menu_order":0,"comment_status":"closed","ping_status":"closed","template":"","meta":{"_inspiro_hide_title":false,"footnotes":""},"class_list":["post-9","page","type-page","status-publish","has-post-thumbnail","hentry"],"_links":{"self":[{"href":"https:\/\/ckm.org.rs\/index.php\/wp-json\/wp\/v2\/pages\/9","targetHints":{"allow":["GET"]}}],"collection":[{"href":"https:\/\/ckm.org.rs\/index.php\/wp-json\/wp\/v2\/pages"}],"about":[{"href":"https:\/\/ckm.org.rs\/index.php\/wp-json\/wp\/v2\/types\/page"}],"author":[{"embeddable":true,"href":"https:\/\/ckm.org.rs\/index.php\/wp-json\/wp\/v2\/users\/1"}],"replies":[{"embeddable":true,"href":"https:\/\/ckm.org.rs\/index.php\/wp-json\/wp\/v2\/comments?post=9"}],"version-history":[{"count":5,"href":"https:\/\/ckm.org.rs\/index.php\/wp-json\/wp\/v2\/pages\/9\/revisions"}],"predecessor-version":[{"id":39,"href":"https:\/\/ckm.org.rs\/index.php\/wp-json\/wp\/v2\/pages\/9\/revisions\/39"}],"wp:featuredmedia":[{"embeddable":true,"href":"https:\/\/ckm.org.rs\/index.php\/wp-json\/wp\/v2\/media\/68"}],"wp:attachment":[{"href":"https:\/\/ckm.org.rs\/index.php\/wp-json\/wp\/v2\/media?parent=9"}],"curies":[{"name":"wp","href":"https:\/\/api.w.org\/{rel}","templated":true}]}}