{"id":8,"date":"2025-10-18T16:36:30","date_gmt":"2025-10-18T16:36:30","guid":{"rendered":"https:\/\/ckm.org.rs\/?page_id=8"},"modified":"2026-02-21T14:16:23","modified_gmt":"2026-02-21T14:16:23","slug":"homepage","status":"publish","type":"page","link":"https:\/\/ckm.org.rs\/","title":{"rendered":"Homepage"},"content":{"rendered":"\n<div class=\"wp-block-cover alignfull is-light\" style=\"min-height:618px;aspect-ratio:unset;\"><video class=\"wp-block-cover__video-background intrinsic-ignore\" autoplay muted loop playsinline src=\"https:\/\/demo.wpzoom.com\/inspiro-lite\/files\/2022\/03\/Pexels-Videos-1409899-1.mp4\" data-object-fit=\"cover\"><\/video><span aria-hidden=\"true\" class=\"wp-block-cover__background has-background-dim-20 has-background-dim\"><\/span><div class=\"wp-block-cover__inner-container has-global-padding is-layout-constrained wp-block-cover-is-layout-constrained\">\n<p class=\"has-text-align-center has-white-color has-text-color has-max-60-font-size\" style=\"font-style:normal;font-weight:900;line-height:1.2\"><strong>Centar za kulturu mira<\/strong><\/p>\n\n\n\n<p class=\"has-text-align-center has-white-color has-text-color has-medium-font-size\"><\/p>\n\n\n\n<div style=\"height:55px\" aria-hidden=\"true\" class=\"wp-block-spacer\"><\/div>\n\n\n\n<div class=\"wp-block-buttons is-content-justification-center is-layout-flex wp-container-core-buttons-is-layout-a89b3969 wp-block-buttons-is-layout-flex\">\n<div class=\"wp-block-button is-style-outline is-style-outline--1\"><a class=\"wp-block-button__link has-white-color has-text-color wp-element-button\" href=\"https:\/\/ckm.org.rs\/index.php\/contact-2\/\" style=\"border-radius:0px\">Kontakt<\/a><\/div>\n<\/div>\n<\/div><\/div>\n\n\n\n<div id=\"services\" class=\"wp-block-group alignfull pattern_multiple_covers has-background has-global-padding is-layout-constrained wp-block-group-is-layout-constrained\">\n<div style=\"height:46px\" aria-hidden=\"true\" class=\"wp-block-spacer\"><\/div>\n\n\n\n<div class=\"wp-block-columns is-layout-flex wp-container-core-columns-is-layout-28f84493 wp-block-columns-is-layout-flex\">\n<div class=\"wp-block-column is-layout-flow wp-block-column-is-layout-flow\" style=\"padding-top:0;padding-right:0;padding-bottom:0;padding-left:0\">\n<div class=\"wp-block-cover has-custom-content-position is-position-bottom-left\" style=\"padding-top:var(--wp--preset--spacing--small);padding-right:var(--wp--preset--spacing--x-small);padding-bottom:var(--wp--preset--spacing--small);padding-left:var(--wp--preset--spacing--x-small)\"><img loading=\"lazy\" decoding=\"async\" width=\"777\" height=\"1024\" class=\"wp-block-cover__image-background wp-image-32 size-large\" alt=\"\" src=\"https:\/\/ckm.org.rs\/wp-content\/uploads\/2025\/10\/image0-777x1024.jpeg\" data-object-fit=\"cover\" srcset=\"https:\/\/ckm.org.rs\/wp-content\/uploads\/2025\/10\/image0-777x1024.jpeg 777w, https:\/\/ckm.org.rs\/wp-content\/uploads\/2025\/10\/image0-228x300.jpeg 228w, https:\/\/ckm.org.rs\/wp-content\/uploads\/2025\/10\/image0.jpeg 828w\" sizes=\"auto, (max-width: 777px) 100vw, 777px\" \/><span aria-hidden=\"true\" class=\"wp-block-cover__background has-primary-background-color has-background-dim-70 has-background-dim\"><\/span><div class=\"wp-block-cover__inner-container is-layout-flow wp-block-cover-is-layout-flow\">\n<h3 class=\"wp-block-heading has-white-color has-text-color has-medium-font-size\" style=\"margin-top:0;margin-right:0;margin-bottom:0;margin-left:0\">Budjenje<\/h3>\n\n\n\n<p class=\"has-secondary-color has-text-color has-link-color wp-elements-d494d8385bb6767a2384e38c31b49ceb\" style=\"margin-top:0;margin-right:0;margin-bottom:0;margin-left:0\"><a href=\"https:\/\/ckm.org.rs\/index.php\/about\/\" data-type=\"page\" data-id=\"9\">Vi\u0161e \u2192<\/a><\/p>\n<\/div><\/div>\n<\/div>\n\n\n\n<div class=\"wp-block-column is-layout-flow wp-block-column-is-layout-flow\" style=\"padding-top:0;padding-right:0;padding-bottom:0;padding-left:0\">\n<div class=\"wp-block-cover has-custom-content-position is-position-bottom-left\" style=\"padding-top:var(--wp--preset--spacing--small);padding-right:var(--wp--preset--spacing--x-small);padding-bottom:var(--wp--preset--spacing--small);padding-left:var(--wp--preset--spacing--x-small)\"><img loading=\"lazy\" decoding=\"async\" width=\"768\" height=\"1024\" class=\"wp-block-cover__image-background wp-image-33 size-large\" alt=\"\" src=\"https:\/\/ckm.org.rs\/wp-content\/uploads\/2025\/10\/image1-768x1024.jpeg\" data-object-fit=\"cover\" srcset=\"https:\/\/ckm.org.rs\/wp-content\/uploads\/2025\/10\/image1-768x1024.jpeg 768w, https:\/\/ckm.org.rs\/wp-content\/uploads\/2025\/10\/image1-225x300.jpeg 225w, https:\/\/ckm.org.rs\/wp-content\/uploads\/2025\/10\/image1.jpeg 1080w\" sizes=\"auto, (max-width: 768px) 100vw, 768px\" \/><span aria-hidden=\"true\" class=\"wp-block-cover__background has-primary-background-color has-background-dim-70 has-background-dim\"><\/span><div class=\"wp-block-cover__inner-container is-layout-flow wp-block-cover-is-layout-flow\">\n<div class=\"wp-block-group is-nowrap is-layout-flex wp-container-core-group-is-layout-6c531013 wp-block-group-is-layout-flex\">\n<p class=\"has-secondary-color has-text-color has-link-color wp-elements-d494d8385bb6767a2384e38c31b49ceb\" style=\"margin-top:0;margin-right:0;margin-bottom:0;margin-left:0\"><a href=\"https:\/\/ckm.org.rs\/index.php\/about\/\" data-type=\"page\" data-id=\"9\">Vi\u0161e \u2192<\/a><\/p>\n<\/div>\n\n\n\n<h3 class=\"wp-block-heading has-white-color has-text-color has-medium-font-size\" style=\"margin-top:0;margin-right:0;margin-bottom:0;margin-left:0\">Budjenje<\/h3>\n<\/div><\/div>\n<\/div>\n\n\n\n<div class=\"wp-block-column is-layout-flow wp-block-column-is-layout-flow\" style=\"padding-top:0;padding-right:0;padding-bottom:0;padding-left:0\">\n<div class=\"wp-block-cover has-custom-content-position is-position-bottom-left\" style=\"padding-top:var(--wp--preset--spacing--small);padding-right:var(--wp--preset--spacing--x-small);padding-bottom:var(--wp--preset--spacing--small);padding-left:var(--wp--preset--spacing--x-small)\"><img loading=\"lazy\" decoding=\"async\" width=\"1024\" height=\"1024\" class=\"wp-block-cover__image-background wp-image-34 size-full\" alt=\"\" src=\"https:\/\/ckm.org.rs\/wp-content\/uploads\/2025\/10\/image2.jpeg\" data-object-fit=\"cover\" srcset=\"https:\/\/ckm.org.rs\/wp-content\/uploads\/2025\/10\/image2.jpeg 1024w, https:\/\/ckm.org.rs\/wp-content\/uploads\/2025\/10\/image2-300x300.jpeg 300w, https:\/\/ckm.org.rs\/wp-content\/uploads\/2025\/10\/image2-150x150.jpeg 150w\" sizes=\"auto, (max-width: 1024px) 100vw, 1024px\" \/><span aria-hidden=\"true\" class=\"wp-block-cover__background has-primary-background-color has-background-dim-70 has-background-dim\"><\/span><div class=\"wp-block-cover__inner-container is-layout-flow wp-block-cover-is-layout-flow\">\n<h3 class=\"wp-block-heading has-white-color has-text-color has-medium-font-size\" style=\"margin-top:0;margin-right:0;margin-bottom:0;margin-left:0\"><br>Budjenje<\/h3>\n\n\n\n<p class=\"has-secondary-color has-text-color has-link-color wp-elements-3d3ca9c6904e1556a91802dd9390f399\" style=\"margin-top:0;margin-right:0;margin-bottom:0;margin-left:0\">Vi\u0161e <a href=\"https:\/\/ckm.org.rs\/index.php\/about\/\" data-type=\"page\" data-id=\"9\">Art<\/a>\u2192<\/p>\n<\/div><\/div>\n<\/div>\n<\/div>\n\n\n\n<div style=\"height:103px\" aria-hidden=\"true\" class=\"wp-block-spacer\"><\/div>\n<\/div>\n\n\n\n<div id=\"news\" class=\"wp-block-group has-global-padding is-layout-constrained wp-block-group-is-layout-constrained\">\n<div style=\"height:108px\" aria-hidden=\"true\" class=\"wp-block-spacer\"><\/div>\n\n\n\n<p class=\"has-text-align-left has-secondary-color has-text-color\">FROM THE BLOG<\/p>\n\n\n\n<div style=\"height:33px\" aria-hidden=\"true\" class=\"wp-block-spacer\"><\/div>\n\n\n\n<div class=\"wp-block-query is-layout-flow wp-block-query-is-layout-flow\"><ul class=\"columns-3 wp-block-post-template is-layout-grid wp-container-core-post-template-is-layout-6aac66c0 wp-block-post-template-is-layout-grid\"><li class=\"wp-block-post post-63 post type-post status-publish format-standard hentry category-uncategorized\">\n\n\n<div style=\"margin-top:0;margin-bottom:0;\" class=\"has-link-color wp-elements-81b22c36d1d8b884fcf13a99846b36c3 wp-block-post-date has-text-color has-tertiary-color\"><time datetime=\"2025-10-18T17:58:17+00:00\">October 18, 2025<\/time><\/div>\n\n<h3 style=\"margin-top:0;margin-bottom:var(--wp--preset--spacing--x-small);\" class=\"has-link-color wp-elements-2e75b4e4fab489cf445e03eda13279d1 wp-block-post-title\"><a href=\"https:\/\/ckm.org.rs\/index.php\/2025\/10\/18\/kako-me-ljubav-prema-beogradu-dovela-do-volontiranja-u-centru-za-kulturu-mira\/\" target=\"_self\" >Kako me ljubav prema Beogradu dovela do volontiranja u Centru za Kulturu Mira<\/a><\/h3>\n\n<div class=\"has-link-color wp-elements-61eeeb1d6c31f3761cb8bc35b6e1a095 wp-block-post-excerpt has-text-color has-tertiary-color\"><p class=\"wp-block-post-excerpt__excerpt\">Od kada sam stigao u Beograd, potpuno sam se zaljubio \u2013 to je grad u kojem istorija i savremenostkoegzistiraju u neo\u010dekivanoj harmoniji, gde svaka ulica pri\u010da svoju pri\u010du, i gde kreativnost izbija izgalerija, muzi\u010dkih prostora i spontanih okupljanja.&hellip; <\/p><\/div>\n\n<a style=\"text-transform:uppercase; border-width:2px; padding-right:var(--wp--preset--spacing--x-small);padding-left:var(--wp--preset--spacing--x-small);padding-top:10px;padding-bottom:10px;\" class=\"wp-block-read-more has-text-color has-foreground-color\" href=\"https:\/\/ckm.org.rs\/index.php\/2025\/10\/18\/kako-me-ljubav-prema-beogradu-dovela-do-volontiranja-u-centru-za-kulturu-mira\/\" target=\"_self\">Read more<span class=\"screen-reader-text\">: Kako me ljubav prema Beogradu dovela do volontiranja u Centru za Kulturu Mira<\/span><\/a>\n<\/li><li class=\"wp-block-post post-1 post type-post status-publish format-standard hentry category-uncategorized\">\n\n\n<div style=\"margin-top:0;margin-bottom:0;\" class=\"has-link-color wp-elements-81b22c36d1d8b884fcf13a99846b36c3 wp-block-post-date has-text-color has-tertiary-color\"><time datetime=\"2025-10-18T15:55:14+00:00\">October 18, 2025<\/time><\/div>\n\n<h3 style=\"margin-top:0;margin-bottom:var(--wp--preset--spacing--x-small);\" class=\"has-link-color wp-elements-2e75b4e4fab489cf445e03eda13279d1 wp-block-post-title\"><a href=\"https:\/\/ckm.org.rs\/index.php\/2025\/10\/18\/hello-world\/\" target=\"_self\" >How my love for Belgrade led me to volunteer for the Centar za Kulturu Mira<\/a><\/h3>\n\n<div class=\"has-link-color wp-elements-61eeeb1d6c31f3761cb8bc35b6e1a095 wp-block-post-excerpt has-text-color has-tertiary-color\"><p class=\"wp-block-post-excerpt__excerpt\">Since arriving in Belgrade, I\u2019ve fallen head over heels in love &#8211; it\u2019s a place where history andmodernity coexist in unexpected harmony, where every street seems to tell a story, and wherecreativity spills from galleries, music venues, and&hellip; <\/p><\/div>\n\n<a style=\"text-transform:uppercase; border-width:2px; padding-right:var(--wp--preset--spacing--x-small);padding-left:var(--wp--preset--spacing--x-small);padding-top:10px;padding-bottom:10px;\" class=\"wp-block-read-more has-text-color has-foreground-color\" href=\"https:\/\/ckm.org.rs\/index.php\/2025\/10\/18\/hello-world\/\" target=\"_self\">Read more<span class=\"screen-reader-text\">: How my love for Belgrade led me to volunteer for the Centar za Kulturu Mira<\/span><\/a>\n<\/li><\/ul>\n\n<\/div>\n\n\n\n<div style=\"height:85px\" aria-hidden=\"true\" class=\"wp-block-spacer\"><\/div>\n<\/div>\n\n\n\n<p><\/p>\n","protected":false},"excerpt":{"rendered":"<p>FROM THE BLOG<\/p>\n","protected":false},"author":1,"featured_media":0,"parent":0,"menu_order":0,"comment_status":"closed","ping_status":"closed","template":"page-templates\/homepage-builder-bb.php","meta":{"_inspiro_hide_title":false,"footnotes":""},"class_list":["post-8","page","type-page","status-publish","hentry"],"_links":{"self":[{"href":"https:\/\/ckm.org.rs\/index.php\/wp-json\/wp\/v2\/pages\/8","targetHints":{"allow":["GET"]}}],"collection":[{"href":"https:\/\/ckm.org.rs\/index.php\/wp-json\/wp\/v2\/pages"}],"about":[{"href":"https:\/\/ckm.org.rs\/index.php\/wp-json\/wp\/v2\/types\/page"}],"author":[{"embeddable":true,"href":"https:\/\/ckm.org.rs\/index.php\/wp-json\/wp\/v2\/users\/1"}],"replies":[{"embeddable":true,"href":"https:\/\/ckm.org.rs\/index.php\/wp-json\/wp\/v2\/comments?post=8"}],"version-history":[{"count":7,"href":"https:\/\/ckm.org.rs\/index.php\/wp-json\/wp\/v2\/pages\/8\/revisions"}],"predecessor-version":[{"id":73,"href":"https:\/\/ckm.org.rs\/index.php\/wp-json\/wp\/v2\/pages\/8\/revisions\/73"}],"wp:attachment":[{"href":"https:\/\/ckm.org.rs\/index.php\/wp-json\/wp\/v2\/media?parent=8"}],"curies":[{"name":"wp","href":"https:\/\/api.w.org\/{rel}","templated":true}]}}